{"id":14,"date":"2026-01-23T18:10:50","date_gmt":"2026-01-23T18:10:50","guid":{"rendered":"https:\/\/kalimeragreektaverna.com\/home\/"},"modified":"2026-02-27T12:33:11","modified_gmt":"2026-02-27T12:33:11","slug":"home","status":"publish","type":"page","link":"https:\/\/kalimeragreektaverna.com\/ro\/","title":{"rendered":"Acasa"},"content":{"rendered":"<div data-elementor-type=\"wp-page\" data-elementor-id=\"14\" class=\"elementor elementor-14\">\n\t\t\t\t<div data-aos=\"fade-up\" class=\"hostinger-elementor-aos elementor-element elementor-element-ddccf30 e-grid e-con-boxed e-con e-parent\" data-id=\"ddccf30\" data-element_type=\"container\" data-e-type=\"container\" data-settings=\"{&quot;background_background&quot;:&quot;classic&quot;}\">\n\t\t\t\t\t<div class=\"e-con-inner\">\n\t\t<div data-aos=\"fade-up\" class=\"hostinger-elementor-aos elementor-element elementor-element-74068c0 e-con-full e-flex e-con e-child\" data-id=\"74068c0\" data-element_type=\"container\" data-e-type=\"container\">\n\t\t\t\t<div class=\"elementor-element elementor-element-2085031 hostinger-ai-title elementor-widget elementor-widget-heading\" data-id=\"2085031\" data-element_type=\"widget\" data-e-type=\"widget\" data-widget_type=\"heading.default\">\n\t\t\t\t\t<h1 class=\"elementor-heading-title elementor-size-default\">Gustul adus din Grecia<\/h1>\t\t\t\t<\/div>\n\t\t\t\t<div class=\"elementor-element elementor-element-e636516 hostinger-ai-description elementor-widget elementor-widget-text-editor\" data-id=\"e636516\" data-element_type=\"widget\" data-e-type=\"widget\" data-widget_type=\"text-editor.default\">\n\t\t\t\t\t\t\t\t\t<p>Gusturi grece\u0219ti intense. Gyros, souvlaki \u0219i grill proasp\u0103t, \u00eentr-o experien\u021b\u0103 unica si de neuitat.<\/p>\t\t\t\t\t\t\t\t<\/div>\n\t\t\t\t<div class=\"elementor-element elementor-element-61ba7db hostinger-ai-cta-button hostinger-index-0 elementor-mobile-align-center elementor-widget elementor-widget-button\" data-id=\"61ba7db\" data-element_type=\"widget\" data-e-type=\"widget\" data-widget_type=\"button.default\">\n\t\t\t\t\t\t\t\t\t\t<a class=\"elementor-button elementor-button-link elementor-size-sm\" href=\"https:\/\/kalimeragreektaverna.com\/ro\/comanda-acum\/\">\n\t\t\t\t\t\t<span class=\"elementor-button-content-wrapper\">\n\t\t\t\t\t\t\t\t\t<span class=\"elementor-button-text\">Comanda acum<\/span>\n\t\t\t\t\t<\/span>\n\t\t\t\t\t<\/a>\n\t\t\t\t\t\t\t\t<\/div>\n\t\t\t\t<\/div>\n\t\t<div data-aos=\"fade-up\" class=\"hostinger-elementor-aos elementor-element elementor-element-60fbd07 e-con-full e-flex e-con e-child\" data-id=\"60fbd07\" data-element_type=\"container\" data-e-type=\"container\">\n\t\t\t\t<div class=\"elementor-element elementor-element-ce4a621 hostinger-ai-image elementor-widget elementor-widget-image\" data-id=\"ce4a621\" data-element_type=\"widget\" data-e-type=\"widget\" data-widget_type=\"image.default\">\n\t\t\t\t\t\t\t\t\t\t\t\t\t\t\t<img fetchpriority=\"high\" decoding=\"async\" width=\"640\" height=\"400\" src=\"https:\/\/kalimeragreektaverna.com\/wp-content\/uploads\/2026\/01\/Kalimera.webp\" class=\"attachment-large size-large wp-image-25\" alt=\"\" srcset=\"https:\/\/kalimeragreektaverna.com\/wp-content\/uploads\/2026\/01\/Kalimera.webp 640w, https:\/\/kalimeragreektaverna.com\/wp-content\/uploads\/2026\/01\/Kalimera-300x188.webp 300w, https:\/\/kalimeragreektaverna.com\/wp-content\/uploads\/2026\/01\/Kalimera-18x12.webp 18w\" sizes=\"(max-width: 640px) 100vw, 640px\" data-wp-pid=\"25\" \/>\t\t\t\t\t\t\t\t\t\t\t\t\t\t\t<\/div>\n\t\t\t\t<\/div>\n\t\t\t\t\t<\/div>\n\t\t\t\t<\/div>\n\t\t<div data-aos=\"fade-up\" class=\"hostinger-elementor-aos elementor-element elementor-element-3e698ec e-con-full e-flex e-con e-parent\" data-id=\"3e698ec\" data-element_type=\"container\" data-e-type=\"container\">\n\t\t<div data-aos=\"fade-up\" class=\"hostinger-elementor-aos elementor-element elementor-element-7839210 e-grid hostinger-ai-about-us-1 e-con-full e-con e-child\" data-id=\"7839210\" data-element_type=\"container\" data-e-type=\"container\">\n\t\t<div data-aos=\"fade-up\" class=\"hostinger-elementor-aos elementor-element elementor-element-ad9a1d9 e-con-full e-flex e-con e-child\" data-id=\"ad9a1d9\" data-element_type=\"container\" data-e-type=\"container\">\n\t\t\t\t<div class=\"elementor-element elementor-element-95333c8 hostinger-ai-title elementor-widget elementor-widget-heading\" data-id=\"95333c8\" data-element_type=\"widget\" data-e-type=\"widget\" data-widget_type=\"heading.default\">\n\t\t\t\t\t<h2 class=\"elementor-heading-title elementor-size-default\">FRESH &amp; FRIENDLY &amp; GREEK<\/h2>\t\t\t\t<\/div>\n\t\t\t\t<\/div>\n\t\t<div data-aos=\"fade-up\" class=\"hostinger-elementor-aos elementor-element elementor-element-9b44d94 e-con-full e-flex e-con e-child\" data-id=\"9b44d94\" data-element_type=\"container\" data-e-type=\"container\">\n\t\t\t\t<div class=\"elementor-element elementor-element-efef01c hostinger-ai-description elementor-widget elementor-widget-text-editor\" data-id=\"efef01c\" data-element_type=\"widget\" data-e-type=\"widget\" data-widget_type=\"text-editor.default\">\n\t\t\t\t\t\t\t\t\t<ul><li>Folosim ingrediente proaspete, carne atent g\u0103tit\u0103 pe grill \u0219i re\u021bete simple, dar pline de gust.<br data-start=\"827\" data-end=\"830\" \/>Totul e f\u0103cut pe loc, rapid \u0219i f\u0103r\u0103 compromisuri.<\/li><\/ul>\t\t\t\t\t\t\t\t<\/div>\n\t\t\t\t<\/div>\n\t\t\t\t<\/div>\n\t\t<div data-aos=\"fade-up\" class=\"hostinger-elementor-aos elementor-element elementor-element-f218336 e-grid e-con-boxed e-con e-child\" data-id=\"f218336\" data-element_type=\"container\" data-e-type=\"container\">\n\t\t\t\t\t<div class=\"e-con-inner\">\n\t\t\t\t<div class=\"elementor-element elementor-element-09f0185 elementor-widget elementor-widget-image\" data-id=\"09f0185\" data-element_type=\"widget\" data-e-type=\"widget\" data-widget_type=\"image.default\">\n\t\t\t\t\t\t\t\t\t\t\t\t\t\t\t<img decoding=\"async\" width=\"683\" height=\"1024\" src=\"https:\/\/kalimeragreektaverna.com\/wp-content\/uploads\/2026\/01\/ChatGPT-Image-Jan-23-2026-05_29_14-PM-683x1024.png\" class=\"attachment-large size-large wp-image-27\" alt=\"\" srcset=\"https:\/\/kalimeragreektaverna.com\/wp-content\/uploads\/2026\/01\/ChatGPT-Image-Jan-23-2026-05_29_14-PM-683x1024.png 683w, https:\/\/kalimeragreektaverna.com\/wp-content\/uploads\/2026\/01\/ChatGPT-Image-Jan-23-2026-05_29_14-PM-200x300.png 200w, https:\/\/kalimeragreektaverna.com\/wp-content\/uploads\/2026\/01\/ChatGPT-Image-Jan-23-2026-05_29_14-PM-768x1152.png 768w, https:\/\/kalimeragreektaverna.com\/wp-content\/uploads\/2026\/01\/ChatGPT-Image-Jan-23-2026-05_29_14-PM-8x12.png 8w, https:\/\/kalimeragreektaverna.com\/wp-content\/uploads\/2026\/01\/ChatGPT-Image-Jan-23-2026-05_29_14-PM.png 1024w\" sizes=\"(max-width: 683px) 100vw, 683px\" data-wp-pid=\"27\" \/>\t\t\t\t\t\t\t\t\t\t\t\t\t\t\t<\/div>\n\t\t\t\t<div class=\"elementor-element elementor-element-73cb77b hostinger-ai-image hostinger-index-6 elementor-widget elementor-widget-image\" data-id=\"73cb77b\" data-element_type=\"widget\" data-e-type=\"widget\" data-widget_type=\"image.default\">\n\t\t\t\t\t\t\t\t\t\t\t\t\t\t\t<img decoding=\"async\" width=\"683\" height=\"1024\" src=\"https:\/\/kalimeragreektaverna.com\/wp-content\/uploads\/2026\/01\/ChatGPT-Image-Jan-23-2026-05_33_35-PM-683x1024.png\" class=\"attachment-large size-large wp-image-26\" alt=\"\" srcset=\"https:\/\/kalimeragreektaverna.com\/wp-content\/uploads\/2026\/01\/ChatGPT-Image-Jan-23-2026-05_33_35-PM-683x1024.png 683w, https:\/\/kalimeragreektaverna.com\/wp-content\/uploads\/2026\/01\/ChatGPT-Image-Jan-23-2026-05_33_35-PM-200x300.png 200w, https:\/\/kalimeragreektaverna.com\/wp-content\/uploads\/2026\/01\/ChatGPT-Image-Jan-23-2026-05_33_35-PM-768x1152.png 768w, https:\/\/kalimeragreektaverna.com\/wp-content\/uploads\/2026\/01\/ChatGPT-Image-Jan-23-2026-05_33_35-PM-8x12.png 8w, https:\/\/kalimeragreektaverna.com\/wp-content\/uploads\/2026\/01\/ChatGPT-Image-Jan-23-2026-05_33_35-PM.png 1024w\" sizes=\"(max-width: 683px) 100vw, 683px\" data-wp-pid=\"26\" \/>\t\t\t\t\t\t\t\t\t\t\t\t\t\t\t<\/div>\n\t\t\t\t\t<\/div>\n\t\t\t\t<\/div>\n\t\t\t\t<\/div>\n\t\t<div data-aos=\"fade-up\" class=\"hostinger-elementor-aos elementor-element elementor-element-d4fdd7e e-flex e-con-boxed e-con e-parent\" data-id=\"d4fdd7e\" data-element_type=\"container\" data-e-type=\"container\">\n\t\t\t\t\t<div class=\"e-con-inner\">\n\t\t<div data-aos=\"fade-up\" class=\"hostinger-elementor-aos elementor-element elementor-element-a8a0e30 e-con-full e-flex e-con e-child\" data-id=\"a8a0e30\" data-element_type=\"container\" data-e-type=\"container\">\n\t\t\t\t<div class=\"elementor-element elementor-element-34516db hostinger-ai-title elementor-widget elementor-widget-heading\" data-id=\"34516db\" data-element_type=\"widget\" data-e-type=\"widget\" data-widget_type=\"heading.default\">\n\t\t\t\t\t<h2 class=\"elementor-heading-title elementor-size-default\">Produsele Noastre Best Seller <\/h2>\t\t\t\t<\/div>\n\t\t<div data-aos=\"fade-up\" class=\"hostinger-elementor-aos elementor-element elementor-element-ef07334 e-grid e-con-full e-con e-child\" data-id=\"ef07334\" data-element_type=\"container\" data-e-type=\"container\">\n\t\t<div data-aos=\"fade-up\" class=\"hostinger-elementor-aos elementor-element elementor-element-dfe1581 e-con-full e-flex e-con e-child\" data-id=\"dfe1581\" data-element_type=\"container\" data-e-type=\"container\">\n\t\t\t\t<div class=\"elementor-element elementor-element-4c1eef3 hostinger-ai-service-image elementor-widget elementor-widget-image\" data-id=\"4c1eef3\" data-element_type=\"widget\" data-e-type=\"widget\" data-widget_type=\"image.default\">\n\t\t\t\t\t\t\t\t\t\t\t\t\t\t\t<img loading=\"lazy\" decoding=\"async\" width=\"1024\" height=\"1536\" src=\"https:\/\/kalimeragreektaverna.com\/wp-content\/uploads\/2026\/01\/ChatGPT-Image-Jan-23-2026-03_48_01-PM.png\" class=\"attachment-2048x2048 size-2048x2048 wp-image-29\" alt=\"\" srcset=\"https:\/\/kalimeragreektaverna.com\/wp-content\/uploads\/2026\/01\/ChatGPT-Image-Jan-23-2026-03_48_01-PM.png 1024w, https:\/\/kalimeragreektaverna.com\/wp-content\/uploads\/2026\/01\/ChatGPT-Image-Jan-23-2026-03_48_01-PM-200x300.png 200w, https:\/\/kalimeragreektaverna.com\/wp-content\/uploads\/2026\/01\/ChatGPT-Image-Jan-23-2026-03_48_01-PM-683x1024.png 683w, https:\/\/kalimeragreektaverna.com\/wp-content\/uploads\/2026\/01\/ChatGPT-Image-Jan-23-2026-03_48_01-PM-768x1152.png 768w, https:\/\/kalimeragreektaverna.com\/wp-content\/uploads\/2026\/01\/ChatGPT-Image-Jan-23-2026-03_48_01-PM-8x12.png 8w\" sizes=\"(max-width: 1024px) 100vw, 1024px\" data-wp-pid=\"29\" \/>\t\t\t\t\t\t\t\t\t\t\t\t\t\t\t<\/div>\n\t\t\t\t<div class=\"elementor-element elementor-element-cefe350 hostinger-ai-service-description elementor-widget elementor-widget-text-editor\" data-id=\"cefe350\" data-element_type=\"widget\" data-e-type=\"widget\" data-widget_type=\"text-editor.default\">\n\t\t\t\t\t\t\t\t\tFresh, authentic Greek flavors crafted with premium ingredients.\t\t\t\t\t\t\t\t<\/div>\n\t\t\t\t<\/div>\n\t\t<div data-aos=\"fade-up\" class=\"hostinger-elementor-aos elementor-element elementor-element-30020de e-con-full e-flex e-con e-child\" data-id=\"30020de\" data-element_type=\"container\" data-e-type=\"container\">\n\t\t\t\t<div class=\"elementor-element elementor-element-88c0601 hostinger-ai-service-image hostinger-index-1 elementor-widget elementor-widget-image\" data-id=\"88c0601\" data-element_type=\"widget\" data-e-type=\"widget\" data-widget_type=\"image.default\">\n\t\t\t\t\t\t\t\t\t\t\t\t\t\t\t<img loading=\"lazy\" decoding=\"async\" width=\"683\" height=\"1024\" src=\"https:\/\/kalimeragreektaverna.com\/wp-content\/uploads\/2026\/01\/ChatGPT-Image-Jan-21-2026-03_43_07-AM-683x1024.png\" class=\"attachment-large size-large wp-image-30\" alt=\"\" srcset=\"https:\/\/kalimeragreektaverna.com\/wp-content\/uploads\/2026\/01\/ChatGPT-Image-Jan-21-2026-03_43_07-AM-683x1024.png 683w, https:\/\/kalimeragreektaverna.com\/wp-content\/uploads\/2026\/01\/ChatGPT-Image-Jan-21-2026-03_43_07-AM-200x300.png 200w, https:\/\/kalimeragreektaverna.com\/wp-content\/uploads\/2026\/01\/ChatGPT-Image-Jan-21-2026-03_43_07-AM-768x1152.png 768w, https:\/\/kalimeragreektaverna.com\/wp-content\/uploads\/2026\/01\/ChatGPT-Image-Jan-21-2026-03_43_07-AM-8x12.png 8w, https:\/\/kalimeragreektaverna.com\/wp-content\/uploads\/2026\/01\/ChatGPT-Image-Jan-21-2026-03_43_07-AM.png 1024w\" sizes=\"(max-width: 683px) 100vw, 683px\" data-wp-pid=\"30\" \/>\t\t\t\t\t\t\t\t\t\t\t\t\t\t\t<\/div>\n\t\t\t\t<div class=\"elementor-element elementor-element-49406fe hostinger-ai-service-description hostinger-index-1 elementor-widget elementor-widget-text-editor\" data-id=\"49406fe\" data-element_type=\"widget\" data-e-type=\"widget\" data-widget_type=\"text-editor.default\">\n\t\t\t\t\t\t\t\t\tA premium fast-casual experience designed for comfort and speed.\t\t\t\t\t\t\t\t<\/div>\n\t\t\t\t<\/div>\n\t\t<div data-aos=\"fade-up\" class=\"hostinger-elementor-aos elementor-element elementor-element-dabc39e e-con-full e-flex e-con e-child\" data-id=\"dabc39e\" data-element_type=\"container\" data-e-type=\"container\">\n\t\t\t\t<div class=\"elementor-element elementor-element-e2d2024 hostinger-ai-service-image hostinger-index-2 elementor-widget elementor-widget-image\" data-id=\"e2d2024\" data-element_type=\"widget\" data-e-type=\"widget\" data-widget_type=\"image.default\">\n\t\t\t\t\t\t\t\t\t\t\t\t\t\t\t<img loading=\"lazy\" decoding=\"async\" width=\"683\" height=\"1024\" src=\"https:\/\/kalimeragreektaverna.com\/wp-content\/uploads\/2026\/01\/ChatGPT-Image-Jan-21-2026-03_23_17-AM-683x1024.png\" class=\"attachment-large size-large wp-image-31\" alt=\"\" srcset=\"https:\/\/kalimeragreektaverna.com\/wp-content\/uploads\/2026\/01\/ChatGPT-Image-Jan-21-2026-03_23_17-AM-683x1024.png 683w, https:\/\/kalimeragreektaverna.com\/wp-content\/uploads\/2026\/01\/ChatGPT-Image-Jan-21-2026-03_23_17-AM-200x300.png 200w, https:\/\/kalimeragreektaverna.com\/wp-content\/uploads\/2026\/01\/ChatGPT-Image-Jan-21-2026-03_23_17-AM-768x1152.png 768w, https:\/\/kalimeragreektaverna.com\/wp-content\/uploads\/2026\/01\/ChatGPT-Image-Jan-21-2026-03_23_17-AM-8x12.png 8w, https:\/\/kalimeragreektaverna.com\/wp-content\/uploads\/2026\/01\/ChatGPT-Image-Jan-21-2026-03_23_17-AM.png 1024w\" sizes=\"(max-width: 683px) 100vw, 683px\" data-wp-pid=\"31\" \/>\t\t\t\t\t\t\t\t\t\t\t\t\t\t\t<\/div>\n\t\t\t\t<div class=\"elementor-element elementor-element-f9fc8b8 hostinger-ai-service-description hostinger-index-1 elementor-widget elementor-widget-text-editor\" data-id=\"f9fc8b8\" data-element_type=\"widget\" data-e-type=\"widget\" data-widget_type=\"text-editor.default\">\n\t\t\t\t\t\t\t\t\tA premium fast-casual experience designed for comfort and speed.\t\t\t\t\t\t\t\t<\/div>\n\t\t\t\t<\/div>\n\t\t\t\t<\/div>\n\t\t\t\t<\/div>\n\t\t\t\t\t<\/div>\n\t\t\t\t<\/div>\n\t\t<div data-aos=\"fade-up\" class=\"hostinger-elementor-aos elementor-element elementor-element-c4928f8 e-flex e-con-boxed e-con e-parent\" data-id=\"c4928f8\" data-element_type=\"container\" data-e-type=\"container\">\n\t\t\t\t\t<div class=\"e-con-inner\">\n\t\t<div data-aos=\"fade-up\" class=\"hostinger-elementor-aos elementor-element elementor-element-0c29d62 e-con-full e-flex e-con e-child\" data-id=\"0c29d62\" data-element_type=\"container\" data-e-type=\"container\">\n\t\t\t\t<div class=\"elementor-element elementor-element-4d60447 hostinger-ai-title elementor-widget elementor-widget-heading\" data-id=\"4d60447\" data-element_type=\"widget\" data-e-type=\"widget\" data-widget_type=\"heading.default\">\n\t\t\t\t\t<h2 class=\"elementor-heading-title elementor-size-default\">Locatiile noastre<\/h2>\t\t\t\t<\/div>\n\t\t\t\t<div class=\"elementor-element elementor-element-1aaf7d2 hostinger-ai-description elementor-widget elementor-widget-heading\" data-id=\"1aaf7d2\" data-element_type=\"widget\" data-e-type=\"widget\" data-widget_type=\"heading.default\">\n\t\t\t\t\t<p class=\"elementor-heading-title elementor-size-default\">Deschidem noi locatii Kalimera pentru pasiune si oameni <\/p>\t\t\t\t<\/div>\n\t\t\t\t<\/div>\n\t\t\t\t\t<\/div>\n\t\t\t\t<\/div>\n\t\t<div data-aos=\"fade-up\" class=\"hostinger-elementor-aos elementor-element elementor-element-fc09162 hostinger-ai-about-us-1 e-flex e-con-boxed e-con e-parent\" data-id=\"fc09162\" data-element_type=\"container\" data-e-type=\"container\">\n\t\t\t\t\t<div class=\"e-con-inner\">\n\t\t<div data-aos=\"fade-up\" class=\"hostinger-elementor-aos elementor-element elementor-element-aca1fb4 image-row e-con-full e-grid e-con e-child\" data-id=\"aca1fb4\" data-element_type=\"container\" data-e-type=\"container\">\n\t\t\t\t<div class=\"elementor-element elementor-element-9b050b9 hostinger-ai-image hostinger-index-4 elementor-widget elementor-widget-image\" data-id=\"9b050b9\" data-element_type=\"widget\" data-e-type=\"widget\" data-widget_type=\"image.default\">\n\t\t\t\t\t\t\t\t\t\t\t\t\t\t\t<img decoding=\"async\" src=\"https:\/\/images.unsplash.com\/photo-1626323109252-0adb3b46692b?q=85&#038;w=275&#038;h=600&#038;fit=crop\" title=\"\" alt=\"Grilled skewers featuring succulent pieces of meat, charred to perfection, interspersed with red bell peppers, slices of zucchini, and red onions. The skewers rest on a grill, with a vibrant outdoor ambiance.\" loading=\"lazy\" \/>\t\t\t\t\t\t\t\t\t\t\t\t\t\t\t<\/div>\n\t\t\t\t<div class=\"elementor-element elementor-element-ec06f28 hostinger-ai-image hostinger-index-5 elementor-widget elementor-widget-image\" data-id=\"ec06f28\" data-element_type=\"widget\" data-e-type=\"widget\" data-widget_type=\"image.default\">\n\t\t\t\t\t\t\t\t\t\t\t\t\t\t\t<img decoding=\"async\" src=\"https:\/\/images.unsplash.com\/photo-1549893902-cec1bce986a7?q=85&#038;w=275&#038;h=600&#038;fit=crop\" title=\"\" alt=\"An outdoor caf\u00e9 with a sign reading &#039;Greek Art,&#039; displaying several empty chairs and tables under a covered area. The structure is attached to a multi-story building with balconies and metal railings. A few people walk along the adjacent street lined with orange traffic cones, while tall green trees are visible in the background. The atmosphere suggests an early evening setting.\" loading=\"lazy\" \/>\t\t\t\t\t\t\t\t\t\t\t\t\t\t\t<\/div>\n\t\t\t\t<div class=\"elementor-element elementor-element-3dd632b hostinger-ai-image hostinger-index-6 elementor-widget elementor-widget-image\" data-id=\"3dd632b\" data-element_type=\"widget\" data-e-type=\"widget\" data-widget_type=\"image.default\">\n\t\t\t\t\t\t\t\t\t\t\t\t\t\t\t<img decoding=\"async\" src=\"https:\/\/images.unsplash.com\/photo-1604582057129-ccda337aa986?q=85&#038;w=275&#038;h=600&#038;fit=crop\" title=\"\" alt=\"A narrow alleyway with a cozy atmosphere features several tables and chairs arranged outside a traditional-looking taverna. The sign above reads &#039;Modiano Taverna&#039; and another illuminated sign displays musical instruments, suggesting a lively ambiance. The walls are painted in muted turquoise, paired with red tablecloths that add a splash of color. Hanging lights and potted plants contribute to the welcoming setting.\" loading=\"lazy\" \/>\t\t\t\t\t\t\t\t\t\t\t\t\t\t\t<\/div>\n\t\t\t\t<div class=\"elementor-element elementor-element-d061980 hostinger-ai-image hostinger-index-7 elementor-widget elementor-widget-image\" data-id=\"d061980\" data-element_type=\"widget\" data-e-type=\"widget\" data-widget_type=\"image.default\">\n\t\t\t\t\t\t\t\t\t\t\t\t\t\t\t<img decoding=\"async\" src=\"https:\/\/images.unsplash.com\/photo-1507673290-8ef6b4f02eec?q=85&#038;w=275&#038;h=600&#038;fit=crop\" title=\"\" alt=\"A fast-food restaurant with bright red neon signage and arrows. The building is illuminated in the night with people visible inside through large windows. The exterior has a clean and modern look, with outdoor seating and a distinctive roof design.\" loading=\"lazy\" \/>\t\t\t\t\t\t\t\t\t\t\t\t\t\t\t<\/div>\n\t\t\t\t<\/div>\n\t\t\t\t\t<\/div>\n\t\t\t\t<\/div>\n\t\t<div data-aos=\"fade-up\" class=\"hostinger-elementor-aos elementor-element elementor-element-425a1bf e-flex e-con-boxed e-con e-parent\" data-id=\"425a1bf\" data-element_type=\"container\" data-e-type=\"container\" data-settings=\"{&quot;background_background&quot;:&quot;classic&quot;}\">\n\t\t\t\t\t<div class=\"e-con-inner\">\n\t\t<div data-aos=\"fade-up\" class=\"hostinger-elementor-aos elementor-element elementor-element-8eb3a11 e-con-full e-flex e-con e-child\" data-id=\"8eb3a11\" data-element_type=\"container\" data-e-type=\"container\">\n\t\t\t\t<div class=\"elementor-element elementor-element-2516ff0 hostinger-ai-title elementor-widget elementor-widget-heading\" data-id=\"2516ff0\" data-element_type=\"widget\" data-e-type=\"widget\" data-widget_type=\"heading.default\">\n\t\t\t\t\t<h2 class=\"elementor-heading-title elementor-size-default\">Gustul Grecesc<\/h2>\t\t\t\t<\/div>\n\t\t\t\t<div class=\"elementor-element elementor-element-bb2189c elementor-widget__width-initial hostinger-ai-description elementor-widget elementor-widget-text-editor\" data-id=\"bb2189c\" data-element_type=\"widget\" data-e-type=\"widget\" data-widget_type=\"text-editor.default\">\n\t\t\t\t\t\t\t\t\t<p>#fresh,friendly,greek<\/p>\t\t\t\t\t\t\t\t<\/div>\n\t\t\t\t<div class=\"elementor-element elementor-element-c0f4a8e hostinger-ai-cta-button hostinger-index-0 elementor-widget elementor-widget-button\" data-id=\"c0f4a8e\" data-element_type=\"widget\" data-e-type=\"widget\" data-widget_type=\"button.default\">\n\t\t\t\t\t\t\t\t\t\t<a class=\"elementor-button elementor-button-link elementor-size-sm\" href=\"https:\/\/kalimeragreektaverna.com\/ro\/comanda-acum\/\">\n\t\t\t\t\t\t<span class=\"elementor-button-content-wrapper\">\n\t\t\t\t\t\t\t\t\t<span class=\"elementor-button-text\">comanda acum<\/span>\n\t\t\t\t\t<\/span>\n\t\t\t\t\t<\/a>\n\t\t\t\t\t\t\t\t<\/div>\n\t\t\t\t<\/div>\n\t\t\t\t\t<\/div>\n\t\t\t\t<\/div>\n\t\t\t\t<\/div>","protected":false},"excerpt":{"rendered":"<p>Gustul adus din Grecia Gusturi grece\u0219ti intense. Gyros, souvlaki \u0219i grill proasp\u0103t, \u00eentr-o experien\u021b\u0103 unica si de neuitat. Comanda acum FRESH &amp; FRIENDLY &amp; GREEK Folosim ingrediente proaspete, carne atent g\u0103tit\u0103 pe grill \u0219i re\u021bete simple, dar pline de gust.Totul e f\u0103cut pe loc, rapid \u0219i f\u0103r\u0103 compromisuri. Produsele Noastre Best Seller Fresh, authentic Greek [&hellip;]<\/p>\n","protected":false},"author":1,"featured_media":0,"parent":0,"menu_order":0,"comment_status":"closed","ping_status":"closed","template":"","meta":{"footnotes":""},"class_list":["post-14","page","type-page","status-publish","hentry"],"_links":{"self":[{"href":"https:\/\/kalimeragreektaverna.com\/ro\/wp-json\/wp\/v2\/pages\/14","targetHints":{"allow":["GET"]}}],"collection":[{"href":"https:\/\/kalimeragreektaverna.com\/ro\/wp-json\/wp\/v2\/pages"}],"about":[{"href":"https:\/\/kalimeragreektaverna.com\/ro\/wp-json\/wp\/v2\/types\/page"}],"author":[{"embeddable":true,"href":"https:\/\/kalimeragreektaverna.com\/ro\/wp-json\/wp\/v2\/users\/1"}],"replies":[{"embeddable":true,"href":"https:\/\/kalimeragreektaverna.com\/ro\/wp-json\/wp\/v2\/comments?post=14"}],"version-history":[{"count":16,"href":"https:\/\/kalimeragreektaverna.com\/ro\/wp-json\/wp\/v2\/pages\/14\/revisions"}],"predecessor-version":[{"id":86,"href":"https:\/\/kalimeragreektaverna.com\/ro\/wp-json\/wp\/v2\/pages\/14\/revisions\/86"}],"wp:attachment":[{"href":"https:\/\/kalimeragreektaverna.com\/ro\/wp-json\/wp\/v2\/media?parent=14"}],"curies":[{"name":"wp","href":"https:\/\/api.w.org\/{rel}","templated":true}]}}