{"id":16,"date":"2026-01-23T18:10:58","date_gmt":"2026-01-23T18:10:58","guid":{"rendered":"https:\/\/kalimeragreektaverna.com\/about\/"},"modified":"2026-02-27T16:30:14","modified_gmt":"2026-02-27T16:30:14","slug":"about","status":"publish","type":"page","link":"https:\/\/kalimeragreektaverna.com\/ro\/about\/","title":{"rendered":"Despre Noi"},"content":{"rendered":"<div data-elementor-type=\"wp-page\" data-elementor-id=\"16\" class=\"elementor elementor-16\">\n\t\t\t\t<div data-aos=\"fade-up\" class=\"hostinger-elementor-aos elementor-element elementor-element-3e698ec e-flex e-con-boxed e-con e-parent\" data-id=\"3e698ec\" data-element_type=\"container\" data-e-type=\"container\">\n\t\t\t\t\t<div class=\"e-con-inner\">\n\t\t\t\t<div class=\"elementor-element elementor-element-450b062 elementor-absolute elementor-hidden-desktop elementor-widget elementor-widget-button\" data-id=\"450b062\" data-element_type=\"widget\" data-e-type=\"widget\" data-settings=\"{&quot;_position&quot;:&quot;absolute&quot;}\" data-widget_type=\"button.default\">\n\t\t\t\t\t\t\t\t\t\t<a class=\"elementor-button elementor-button-link elementor-size-sm\" href=\"https:\/\/kalimeragreektaverna.com\/ro\/menu\/\">\n\t\t\t\t\t\t<span class=\"elementor-button-content-wrapper\">\n\t\t\t\t\t\t\t\t\t<span class=\"elementor-button-text\">Vezi meniu<\/span>\n\t\t\t\t\t<\/span>\n\t\t\t\t\t<\/a>\n\t\t\t\t\t\t\t\t<\/div>\n\t\t<div data-aos=\"fade-up\" class=\"hostinger-elementor-aos elementor-element elementor-element-9b44d94 e-con-full e-flex e-con e-child\" data-id=\"9b44d94\" data-element_type=\"container\" data-e-type=\"container\" data-settings=\"{&quot;position&quot;:&quot;absolute&quot;}\">\n\t\t\t\t<\/div>\n\t\t<div data-aos=\"fade-up\" class=\"hostinger-elementor-aos elementor-element elementor-element-7839210 e-grid hostinger-ai-about-us-1 e-con-full e-con e-child\" data-id=\"7839210\" data-element_type=\"container\" data-e-type=\"container\">\n\t\t\t\t<div class=\"elementor-element elementor-element-49cbbb7 elementor-widget elementor-widget-image\" data-id=\"49cbbb7\" data-element_type=\"widget\" data-e-type=\"widget\" data-widget_type=\"image.default\">\n\t\t\t\t\t\t\t\t\t\t\t\t\t\t\t<img fetchpriority=\"high\" decoding=\"async\" width=\"1024\" height=\"683\" src=\"https:\/\/kalimeragreektaverna.com\/wp-content\/uploads\/2026\/02\/ChatGPT-Image-Feb-27-2026-03_54_02-PM-1024x683.png\" class=\"attachment-large size-large wp-image-98\" alt=\"\" srcset=\"https:\/\/kalimeragreektaverna.com\/wp-content\/uploads\/2026\/02\/ChatGPT-Image-Feb-27-2026-03_54_02-PM-1024x683.png 1024w, https:\/\/kalimeragreektaverna.com\/wp-content\/uploads\/2026\/02\/ChatGPT-Image-Feb-27-2026-03_54_02-PM-300x200.png 300w, https:\/\/kalimeragreektaverna.com\/wp-content\/uploads\/2026\/02\/ChatGPT-Image-Feb-27-2026-03_54_02-PM-768x512.png 768w, https:\/\/kalimeragreektaverna.com\/wp-content\/uploads\/2026\/02\/ChatGPT-Image-Feb-27-2026-03_54_02-PM-18x12.png 18w, https:\/\/kalimeragreektaverna.com\/wp-content\/uploads\/2026\/02\/ChatGPT-Image-Feb-27-2026-03_54_02-PM.png 1536w\" sizes=\"(max-width: 1024px) 100vw, 1024px\" data-wp-pid=\"98\" \/>\t\t\t\t\t\t\t\t\t\t\t\t\t\t\t<\/div>\n\t\t<div data-aos=\"fade-up\" class=\"hostinger-elementor-aos elementor-element elementor-element-ad9a1d9 e-con-full e-grid e-con e-child\" data-id=\"ad9a1d9\" data-element_type=\"container\" data-e-type=\"container\">\n\t\t\t\t<div class=\"elementor-element elementor-element-95333c8 hostinger-ai-title elementor-widget elementor-widget-heading\" data-id=\"95333c8\" data-element_type=\"widget\" data-e-type=\"widget\" data-widget_type=\"heading.default\">\n\t\t\t\t\t<h2 class=\"elementor-heading-title elementor-size-default\"><p data-start=\"202\" data-end=\"252\"><strong data-start=\"202\" data-end=\"252\">Mai mult dec\u00e2t m\u00e2ncare greceasc\u0103. Un standard.<\/strong><\/p>Aducem gustul autentic al Greciei \u00eentr-un concept modern de tip fast-casual, construit pe calitate, consisten\u021b\u0103 \u0219i savoare intens\u0103.<\/h2>\t\t\t\t<\/div>\n\t\t\t\t<div class=\"elementor-element elementor-element-9742715 elementor-widget elementor-widget-video\" data-id=\"9742715\" data-element_type=\"widget\" data-e-type=\"widget\" data-settings=\"{&quot;video_type&quot;:&quot;hosted&quot;,&quot;controls&quot;:&quot;yes&quot;}\" data-widget_type=\"video.default\">\n\t\t\t\t\t\t\t<div class=\"e-hosted-video elementor-wrapper elementor-open-inline\">\n\t\t\t\t\t<video class=\"elementor-video\" src=\"https:\/\/kalimeragreektaverna.com\/wp-content\/uploads\/2026\/02\/Download.mp4\" controls=\"\" preload=\"metadata\" controlslist=\"nodownload\"><\/video>\n\t\t\t\t<\/div>\n\t\t\t\t\t\t<\/div>\n\t\t\t\t<\/div>\n\t\t\t\t<\/div>\n\t\t<div data-aos=\"fade-up\" class=\"hostinger-elementor-aos elementor-element elementor-element-f218336 e-grid e-con-full e-con e-child\" data-id=\"f218336\" data-element_type=\"container\" data-e-type=\"container\">\n\t\t<div data-aos=\"fade-up\" class=\"hostinger-elementor-aos elementor-element elementor-element-f6666b5 e-con-full e-flex e-con e-child\" data-id=\"f6666b5\" data-element_type=\"container\" data-e-type=\"container\">\n\t\t\t\t<div class=\"elementor-element elementor-element-3672f42 elementor-widget elementor-widget-heading\" data-id=\"3672f42\" data-element_type=\"widget\" data-e-type=\"widget\" data-widget_type=\"heading.default\">\n\t\t\t\t\t<h2 class=\"elementor-heading-title elementor-size-default\">Proasp\u0103t. Autentic. Constant.<\/h2>\t\t\t\t<\/div>\n\t\t\t\t<\/div>\n\t\t\t\t<\/div>\n\t\t\t\t<div class=\"elementor-element elementor-element-efef01c hostinger-ai-description elementor-widget elementor-widget-text-editor\" data-id=\"efef01c\" data-element_type=\"widget\" data-e-type=\"widget\" data-widget_type=\"text-editor.default\">\n\t\t\t\t\t\t\t\t\t<ul><li data-start=\"575\" data-end=\"607\"><p data-start=\"577\" data-end=\"607\">Ingrediente zilnic preg\u0103tite<\/p><\/li><li data-start=\"608\" data-end=\"627\"><p data-start=\"610\" data-end=\"627\">Gr\u0103tar autentic<\/p><\/li><li data-start=\"628\" data-end=\"646\"><p data-start=\"630\" data-end=\"646\">Servire rapid\u0103<\/p><\/li><\/ul>\t\t\t\t\t\t\t\t<\/div>\n\t\t\t\t\t<\/div>\n\t\t\t\t<\/div>\n\t\t<div data-aos=\"fade-up\" class=\"hostinger-elementor-aos elementor-element elementor-element-425a1bf e-flex e-con-boxed e-con e-parent\" data-id=\"425a1bf\" data-element_type=\"container\" data-e-type=\"container\" data-settings=\"{&quot;background_background&quot;:&quot;classic&quot;}\">\n\t\t\t\t\t<div class=\"e-con-inner\">\n\t\t<div data-aos=\"fade-up\" class=\"hostinger-elementor-aos elementor-element elementor-element-8eb3a11 e-con-full e-flex e-con e-child\" data-id=\"8eb3a11\" data-element_type=\"container\" data-e-type=\"container\">\n\t\t\t\t<div class=\"elementor-element elementor-element-2516ff0 hostinger-ai-title elementor-widget elementor-widget-heading\" data-id=\"2516ff0\" data-element_type=\"widget\" data-e-type=\"widget\" data-widget_type=\"heading.default\">\n\t\t\t\t\t<h2 class=\"elementor-heading-title elementor-size-default\">Viziteaza Grecia in locatiile noastre<\/h2>\t\t\t\t<\/div>\n\t\t\t\t<div class=\"elementor-element elementor-element-c0f4a8e hostinger-ai-cta-button hostinger-index-0 elementor-widget elementor-widget-button\" data-id=\"c0f4a8e\" data-element_type=\"widget\" data-e-type=\"widget\" data-widget_type=\"button.default\">\n\t\t\t\t\t\t\t\t\t\t<a class=\"elementor-button elementor-button-link elementor-size-sm\" href=\"https:\/\/kalimeragreektaverna.com\/ro\/locations\/\">\n\t\t\t\t\t\t<span class=\"elementor-button-content-wrapper\">\n\t\t\t\t\t\t\t\t\t<span class=\"elementor-button-text\">Viziteaza<\/span>\n\t\t\t\t\t<\/span>\n\t\t\t\t\t<\/a>\n\t\t\t\t\t\t\t\t<\/div>\n\t\t\t\t<\/div>\n\t\t\t\t\t<\/div>\n\t\t\t\t<\/div>\n\t\t<div data-aos=\"fade-up\" class=\"hostinger-elementor-aos elementor-element elementor-element-dd96525 e-flex e-con-boxed e-con e-parent\" data-id=\"dd96525\" data-element_type=\"container\" data-e-type=\"container\" data-settings=\"{&quot;background_background&quot;:&quot;classic&quot;}\">\n\t\t\t\t\t<div class=\"e-con-inner\">\n\t\t<div data-aos=\"fade-up\" class=\"hostinger-elementor-aos elementor-element elementor-element-319e928 e-con-full e-flex e-con e-child\" data-id=\"319e928\" data-element_type=\"container\" data-e-type=\"container\">\n\t\t\t\t<div class=\"elementor-element elementor-element-635e625 elementor-widget elementor-widget-heading\" data-id=\"635e625\" data-element_type=\"widget\" data-e-type=\"widget\" data-widget_type=\"heading.default\">\n\t\t\t\t\t<h2 class=\"elementor-heading-title elementor-size-default\">Povestea noastr\u0103<\/h2>\t\t\t\t<\/div>\n\t\t\t\t<\/div>\n\t\t<div data-aos=\"fade-up\" class=\"hostinger-elementor-aos elementor-element elementor-element-da8660f e-con-full e-flex e-con e-child\" data-id=\"da8660f\" data-element_type=\"container\" data-e-type=\"container\">\n\t\t\t\t<div class=\"elementor-element elementor-element-dafaf39 elementor-widget elementor-widget-heading\" data-id=\"dafaf39\" data-element_type=\"widget\" data-e-type=\"widget\" data-widget_type=\"heading.default\">\n\t\t\t\t\t<h2 class=\"elementor-heading-title elementor-size-default\">Kalimera s-a n\u0103scut din dorin\u021ba de a aduce gustul autentic al Greciei \u00eentr-un format modern, clar \u0219i constant.\n<\/h2>\t\t\t\t<\/div>\n\t\t\t\t<div class=\"elementor-element elementor-element-fc46c14 elementor-widget elementor-widget-heading\" data-id=\"fc46c14\" data-element_type=\"widget\" data-e-type=\"widget\" data-widget_type=\"heading.default\">\n\t\t\t\t\t<h2 class=\"elementor-heading-title elementor-size-default\">Am transformat street food-ul grecesc \u00eentr-un standard premium, unde fiecare detaliu conteaz\u0103 \u2014 de la ingrediente atent alese p\u00e2n\u0103 la modul \u00een care preparatele sunt servite.\n<\/h2>\t\t\t\t<\/div>\n\t\t\t\t<div class=\"elementor-element elementor-element-1b5f9c2 elementor-widget elementor-widget-heading\" data-id=\"1b5f9c2\" data-element_type=\"widget\" data-e-type=\"widget\" data-widget_type=\"heading.default\">\n\t\t\t\t\t<h2 class=\"elementor-heading-title elementor-size-default\">\nF\u0103r\u0103 compromisuri. F\u0103r\u0103 scurt\u0103turi.\nDoar prospe\u021bime, tehnic\u0103 \u0219i savoare intens\u0103, zi de zi.<\/h2>\t\t\t\t<\/div>\n\t\t\t\t<\/div>\n\t\t\t\t\t<\/div>\n\t\t\t\t<\/div>\n\t\t\t\t<\/div>","protected":false},"excerpt":{"rendered":"<p>Vezi meniu Mai mult dec\u00e2t m\u00e2ncare greceasc\u0103. Un standard. Aducem gustul autentic al Greciei \u00eentr-un concept modern de tip fast-casual, construit pe calitate, consisten\u021b\u0103 \u0219i savoare intens\u0103. https:\/\/kalimeragreektaverna.com\/wp-content\/uploads\/2026\/02\/Download.mp4 Proasp\u0103t. Autentic. Constant. Ingrediente zilnic preg\u0103tite Gr\u0103tar autentic Servire rapid\u0103 Viziteaza Grecia in locatiile noastre Viziteaza Povestea noastr\u0103 Kalimera s-a n\u0103scut din dorin\u021ba de a aduce gustul [&hellip;]<\/p>\n","protected":false},"author":1,"featured_media":0,"parent":0,"menu_order":0,"comment_status":"closed","ping_status":"closed","template":"","meta":{"footnotes":""},"class_list":["post-16","page","type-page","status-publish","hentry"],"_links":{"self":[{"href":"https:\/\/kalimeragreektaverna.com\/ro\/wp-json\/wp\/v2\/pages\/16","targetHints":{"allow":["GET"]}}],"collection":[{"href":"https:\/\/kalimeragreektaverna.com\/ro\/wp-json\/wp\/v2\/pages"}],"about":[{"href":"https:\/\/kalimeragreektaverna.com\/ro\/wp-json\/wp\/v2\/types\/page"}],"author":[{"embeddable":true,"href":"https:\/\/kalimeragreektaverna.com\/ro\/wp-json\/wp\/v2\/users\/1"}],"replies":[{"embeddable":true,"href":"https:\/\/kalimeragreektaverna.com\/ro\/wp-json\/wp\/v2\/comments?post=16"}],"version-history":[{"count":52,"href":"https:\/\/kalimeragreektaverna.com\/ro\/wp-json\/wp\/v2\/pages\/16\/revisions"}],"predecessor-version":[{"id":153,"href":"https:\/\/kalimeragreektaverna.com\/ro\/wp-json\/wp\/v2\/pages\/16\/revisions\/153"}],"wp:attachment":[{"href":"https:\/\/kalimeragreektaverna.com\/ro\/wp-json\/wp\/v2\/media?parent=16"}],"curies":[{"name":"wp","href":"https:\/\/api.w.org\/{rel}","templated":true}]}}